{"id":9,"date":"2018-09-18T09:02:45","date_gmt":"2018-09-18T09:02:45","guid":{"rendered":"http:\/\/pascabordean.ro\/?page_id=9"},"modified":"2020-04-09T21:40:47","modified_gmt":"2020-04-09T18:40:47","slug":"about","status":"publish","type":"page","link":"https:\/\/pascabordean.ro\/?page_id=9","title":{"rendered":"About"},"content":{"rendered":"\t\t<div data-elementor-type=\"wp-post\" data-elementor-id=\"9\" class=\"elementor elementor-9\">\n\t\t\t\t\t\t<section class=\"elementor-section elementor-top-section elementor-element elementor-element-cc06a10 elementor-section-boxed elementor-section-height-default elementor-section-height-default\" data-id=\"cc06a10\" data-element_type=\"section\" data-e-type=\"section\" data-settings=\"{&quot;background_background&quot;:&quot;classic&quot;}\">\n\t\t\t\t\t\t<div class=\"elementor-container elementor-column-gap-no\">\n\t\t\t\t\t<div class=\"elementor-column elementor-col-100 elementor-top-column elementor-element elementor-element-ff87637\" data-id=\"ff87637\" data-element_type=\"column\" data-e-type=\"column\">\n\t\t\t<div class=\"elementor-widget-wrap elementor-element-populated\">\n\t\t\t\t\t\t<div class=\"elementor-element elementor-element-bfe8f4d elementor-widget elementor-widget-heading\" data-id=\"bfe8f4d\" data-element_type=\"widget\" data-e-type=\"widget\" data-widget_type=\"heading.default\">\n\t\t\t\t<div class=\"elementor-widget-container\">\n\t\t\t\t\t<h1 class=\"elementor-heading-title elementor-size-default\">cine suntem<\/h1>\t\t\t\t<\/div>\n\t\t\t\t<\/div>\n\t\t\t\t\t<\/div>\n\t\t<\/div>\n\t\t\t\t\t<\/div>\n\t\t<\/section>\n\t\t\t\t<section class=\"elementor-section elementor-top-section elementor-element elementor-element-446a499c elementor-section-content-top elementor-section-boxed elementor-section-height-default elementor-section-height-default\" data-id=\"446a499c\" data-element_type=\"section\" data-e-type=\"section\">\n\t\t\t\t\t\t<div class=\"elementor-container elementor-column-gap-no\">\n\t\t\t\t\t<div class=\"elementor-column elementor-col-100 elementor-top-column elementor-element elementor-element-351a43a3\" data-id=\"351a43a3\" data-element_type=\"column\" data-e-type=\"column\">\n\t\t\t<div class=\"elementor-widget-wrap elementor-element-populated\">\n\t\t\t\t\t\t<div class=\"elementor-element elementor-element-3e710676 elementor-widget elementor-widget-heading\" data-id=\"3e710676\" data-element_type=\"widget\" data-e-type=\"widget\" data-widget_type=\"heading.default\">\n\t\t\t\t<div class=\"elementor-widget-container\">\n\t\t\t\t\t<h4 class=\"elementor-heading-title elementor-size-large\">APB<b> <\/b>\u2013 Arhitec\u021bi Pa\u0219ca &amp; Bordean \u2013 este un birou de arhitectur\u0103 din Sibiu care ofer\u0103 servicii complete de proiectare \u0219i care \u00eencearc\u0103, de fiecare dat\u0103, s\u0103 r\u0103spund\u0103 nevoilor diferite ale clien\u021bilor \u0219i s\u0103 creeze spa\u021bii \u00een care s\u0103-\u021bi fac\u0103 pl\u0103cere s\u0103 tr\u0103ie\u0219ti.<br><\/h4>\t\t\t\t<\/div>\n\t\t\t\t<\/div>\n\t\t\t\t<div class=\"elementor-element elementor-element-2732983 elementor-widget elementor-widget-image\" data-id=\"2732983\" data-element_type=\"widget\" data-e-type=\"widget\" data-widget_type=\"image.default\">\n\t\t\t\t<div class=\"elementor-widget-container\">\n\t\t\t\t\t\t\t\t\t\t\t\t\t\t\t<img fetchpriority=\"high\" decoding=\"async\" width=\"1600\" height=\"777\" src=\"https:\/\/pascabordean.ro\/wp-content\/uploads\/2020\/04\/photo-2020-5.jpg\" class=\"attachment-full size-full wp-image-464\" alt=\"\" srcset=\"https:\/\/pascabordean.ro\/wp-content\/uploads\/2020\/04\/photo-2020-5.jpg 1600w, https:\/\/pascabordean.ro\/wp-content\/uploads\/2020\/04\/photo-2020-5-300x146.jpg 300w, https:\/\/pascabordean.ro\/wp-content\/uploads\/2020\/04\/photo-2020-5-1024x497.jpg 1024w, https:\/\/pascabordean.ro\/wp-content\/uploads\/2020\/04\/photo-2020-5-768x373.jpg 768w, https:\/\/pascabordean.ro\/wp-content\/uploads\/2020\/04\/photo-2020-5-1536x746.jpg 1536w\" sizes=\"(max-width: 1600px) 100vw, 1600px\" \/>\t\t\t\t\t\t\t\t\t\t\t\t\t\t\t<\/div>\n\t\t\t\t<\/div>\n\t\t\t\t\t<\/div>\n\t\t<\/div>\n\t\t\t\t\t<\/div>\n\t\t<\/section>\n\t\t\t\t<\/div>\n\t\t","protected":false},"excerpt":{"rendered":"<p>cine suntem APB \u2013 Arhitec\u021bi Pa\u0219ca &amp; Bordean \u2013 este un birou de arhitectur\u0103 din Sibiu care ofer\u0103 servicii complete de proiectare \u0219i care \u00eencearc\u0103, de fiecare dat\u0103, s\u0103 r\u0103spund\u0103 nevoilor diferite ale clien\u021bilor \u0219i s\u0103 creeze spa\u021bii \u00een care s\u0103-\u021bi fac\u0103 pl\u0103cere s\u0103 tr\u0103ie\u0219ti.<\/p>\n","protected":false},"author":1,"featured_media":0,"parent":0,"menu_order":0,"comment_status":"closed","ping_status":"closed","template":"","meta":{"site-sidebar-layout":"no-sidebar","site-content-layout":"page-builder","ast-site-content-layout":"default","site-content-style":"default","site-sidebar-style":"default","ast-global-header-display":"","ast-banner-title-visibility":"","ast-main-header-display":"","ast-hfb-above-header-display":"","ast-hfb-below-header-display":"","ast-hfb-mobile-header-display":"","site-post-title":"disabled","ast-breadcrumbs-content":"","ast-featured-img":"disabled","footer-sml-layout":"","ast-disable-related-posts":"","theme-transparent-header-meta":"default","adv-header-id-meta":"","stick-header-meta":"","header-above-stick-meta":"","header-main-stick-meta":"","header-below-stick-meta":"","astra-migrate-meta-layouts":"default","ast-page-background-enabled":"default","ast-page-background-meta":{"desktop":{"background-color":"","background-image":"","background-repeat":"repeat","background-position":"center center","background-size":"auto","background-attachment":"scroll","background-type":"","background-media":"","overlay-type":"","overlay-color":"","overlay-opacity":"","overlay-gradient":""},"tablet":{"background-color":"","background-image":"","background-repeat":"repeat","background-position":"center center","background-size":"auto","background-attachment":"scroll","background-type":"","background-media":"","overlay-type":"","overlay-color":"","overlay-opacity":"","overlay-gradient":""},"mobile":{"background-color":"","background-image":"","background-repeat":"repeat","background-position":"center center","background-size":"auto","background-attachment":"scroll","background-type":"","background-media":"","overlay-type":"","overlay-color":"","overlay-opacity":"","overlay-gradient":""}},"ast-content-background-meta":{"desktop":{"background-color":"var(--ast-global-color-5)","background-image":"","background-repeat":"repeat","background-position":"center center","background-size":"auto","background-attachment":"scroll","background-type":"","background-media":"","overlay-type":"","overlay-color":"","overlay-opacity":"","overlay-gradient":""},"tablet":{"background-color":"var(--ast-global-color-5)","background-image":"","background-repeat":"repeat","background-position":"center center","background-size":"auto","background-attachment":"scroll","background-type":"","background-media":"","overlay-type":"","overlay-color":"","overlay-opacity":"","overlay-gradient":""},"mobile":{"background-color":"var(--ast-global-color-5)","background-image":"","background-repeat":"repeat","background-position":"center center","background-size":"auto","background-attachment":"scroll","background-type":"","background-media":"","overlay-type":"","overlay-color":"","overlay-opacity":"","overlay-gradient":""}},"footnotes":""},"class_list":["post-9","page","type-page","status-publish","hentry"],"yoast_head":"<!-- This site is optimized with the Yoast SEO plugin v27.5 - https:\/\/yoast.com\/product\/yoast-seo-wordpress\/ -->\n<title>About - pascabordean.ro<\/title>\n<meta name=\"robots\" content=\"index, follow, max-snippet:-1, max-image-preview:large, max-video-preview:-1\" \/>\n<link rel=\"canonical\" href=\"https:\/\/pascabordean.ro\/?page_id=9\" \/>\n<meta property=\"og:locale\" content=\"en_US\" \/>\n<meta property=\"og:type\" content=\"article\" \/>\n<meta property=\"og:title\" content=\"About - pascabordean.ro\" \/>\n<meta property=\"og:description\" content=\"cine suntem APB \u2013 Arhitec\u021bi Pa\u0219ca &amp; Bordean \u2013 este un birou de arhitectur\u0103 din Sibiu care ofer\u0103 servicii complete de proiectare \u0219i care \u00eencearc\u0103, de fiecare dat\u0103, s\u0103 r\u0103spund\u0103 nevoilor diferite ale clien\u021bilor \u0219i s\u0103 creeze spa\u021bii \u00een care s\u0103-\u021bi fac\u0103 pl\u0103cere s\u0103 tr\u0103ie\u0219ti.\" \/>\n<meta property=\"og:url\" content=\"https:\/\/pascabordean.ro\/?page_id=9\" \/>\n<meta property=\"og:site_name\" content=\"pascabordean.ro\" \/>\n<meta property=\"article:publisher\" content=\"https:\/\/www.facebook.com\/profile.php?id=100080384133558\" \/>\n<meta property=\"article:modified_time\" content=\"2020-04-09T18:40:47+00:00\" \/>\n<meta property=\"og:image\" content=\"https:\/\/pascabordean.ro\/wp-content\/uploads\/2020\/04\/photo-2020-5.jpg\" \/>\n<meta name=\"twitter:card\" content=\"summary_large_image\" \/>\n<script type=\"application\/ld+json\" class=\"yoast-schema-graph\">{\"@context\":\"https:\\\/\\\/schema.org\",\"@graph\":[{\"@type\":\"WebPage\",\"@id\":\"https:\\\/\\\/pascabordean.ro\\\/?page_id=9\",\"url\":\"https:\\\/\\\/pascabordean.ro\\\/?page_id=9\",\"name\":\"About - pascabordean.ro\",\"isPartOf\":{\"@id\":\"https:\\\/\\\/pascabordean.ro\\\/#website\"},\"primaryImageOfPage\":{\"@id\":\"https:\\\/\\\/pascabordean.ro\\\/?page_id=9#primaryimage\"},\"image\":{\"@id\":\"https:\\\/\\\/pascabordean.ro\\\/?page_id=9#primaryimage\"},\"thumbnailUrl\":\"https:\\\/\\\/pascabordean.ro\\\/wp-content\\\/uploads\\\/2020\\\/04\\\/photo-2020-5.jpg\",\"datePublished\":\"2018-09-18T09:02:45+00:00\",\"dateModified\":\"2020-04-09T18:40:47+00:00\",\"breadcrumb\":{\"@id\":\"https:\\\/\\\/pascabordean.ro\\\/?page_id=9#breadcrumb\"},\"inLanguage\":\"en-US\",\"potentialAction\":[{\"@type\":\"ReadAction\",\"target\":[\"https:\\\/\\\/pascabordean.ro\\\/?page_id=9\"]}]},{\"@type\":\"ImageObject\",\"inLanguage\":\"en-US\",\"@id\":\"https:\\\/\\\/pascabordean.ro\\\/?page_id=9#primaryimage\",\"url\":\"https:\\\/\\\/pascabordean.ro\\\/wp-content\\\/uploads\\\/2020\\\/04\\\/photo-2020-5.jpg\",\"contentUrl\":\"https:\\\/\\\/pascabordean.ro\\\/wp-content\\\/uploads\\\/2020\\\/04\\\/photo-2020-5.jpg\",\"width\":1600,\"height\":777},{\"@type\":\"BreadcrumbList\",\"@id\":\"https:\\\/\\\/pascabordean.ro\\\/?page_id=9#breadcrumb\",\"itemListElement\":[{\"@type\":\"ListItem\",\"position\":1,\"name\":\"Home\",\"item\":\"https:\\\/\\\/pascabordean.ro\\\/\"},{\"@type\":\"ListItem\",\"position\":2,\"name\":\"About\"}]},{\"@type\":\"WebSite\",\"@id\":\"https:\\\/\\\/pascabordean.ro\\\/#website\",\"url\":\"https:\\\/\\\/pascabordean.ro\\\/\",\"name\":\"pascabordean.ro\",\"description\":\"birou de arhitectura\",\"publisher\":{\"@id\":\"https:\\\/\\\/pascabordean.ro\\\/#organization\"},\"potentialAction\":[{\"@type\":\"SearchAction\",\"target\":{\"@type\":\"EntryPoint\",\"urlTemplate\":\"https:\\\/\\\/pascabordean.ro\\\/?s={search_term_string}\"},\"query-input\":{\"@type\":\"PropertyValueSpecification\",\"valueRequired\":true,\"valueName\":\"search_term_string\"}}],\"inLanguage\":\"en-US\"},{\"@type\":\"Organization\",\"@id\":\"https:\\\/\\\/pascabordean.ro\\\/#organization\",\"name\":\"Arhitecti Pasca & Bordean\",\"url\":\"https:\\\/\\\/pascabordean.ro\\\/\",\"logo\":{\"@type\":\"ImageObject\",\"inLanguage\":\"en-US\",\"@id\":\"https:\\\/\\\/pascabordean.ro\\\/#\\\/schema\\\/logo\\\/image\\\/\",\"url\":\"https:\\\/\\\/pascabordean.ro\\\/wp-content\\\/uploads\\\/2020\\\/04\\\/logo-crop.jpg\",\"contentUrl\":\"https:\\\/\\\/pascabordean.ro\\\/wp-content\\\/uploads\\\/2020\\\/04\\\/logo-crop.jpg\",\"width\":377,\"height\":210,\"caption\":\"Arhitecti Pasca & Bordean\"},\"image\":{\"@id\":\"https:\\\/\\\/pascabordean.ro\\\/#\\\/schema\\\/logo\\\/image\\\/\"},\"sameAs\":[\"https:\\\/\\\/www.facebook.com\\\/profile.php?id=100080384133558\",\"https:\\\/\\\/www.instagram.com\\\/arhitectipascabordean?igsh=MWh6M3hlOHp2eHdxbA==\"]}]}<\/script>\n<!-- \/ Yoast SEO plugin. -->","yoast_head_json":{"title":"About - pascabordean.ro","robots":{"index":"index","follow":"follow","max-snippet":"max-snippet:-1","max-image-preview":"max-image-preview:large","max-video-preview":"max-video-preview:-1"},"canonical":"https:\/\/pascabordean.ro\/?page_id=9","og_locale":"en_US","og_type":"article","og_title":"About - pascabordean.ro","og_description":"cine suntem APB \u2013 Arhitec\u021bi Pa\u0219ca &amp; Bordean \u2013 este un birou de arhitectur\u0103 din Sibiu care ofer\u0103 servicii complete de proiectare \u0219i care \u00eencearc\u0103, de fiecare dat\u0103, s\u0103 r\u0103spund\u0103 nevoilor diferite ale clien\u021bilor \u0219i s\u0103 creeze spa\u021bii \u00een care s\u0103-\u021bi fac\u0103 pl\u0103cere s\u0103 tr\u0103ie\u0219ti.","og_url":"https:\/\/pascabordean.ro\/?page_id=9","og_site_name":"pascabordean.ro","article_publisher":"https:\/\/www.facebook.com\/profile.php?id=100080384133558","article_modified_time":"2020-04-09T18:40:47+00:00","og_image":[{"url":"https:\/\/pascabordean.ro\/wp-content\/uploads\/2020\/04\/photo-2020-5.jpg","type":"","width":"","height":""}],"twitter_card":"summary_large_image","schema":{"@context":"https:\/\/schema.org","@graph":[{"@type":"WebPage","@id":"https:\/\/pascabordean.ro\/?page_id=9","url":"https:\/\/pascabordean.ro\/?page_id=9","name":"About - pascabordean.ro","isPartOf":{"@id":"https:\/\/pascabordean.ro\/#website"},"primaryImageOfPage":{"@id":"https:\/\/pascabordean.ro\/?page_id=9#primaryimage"},"image":{"@id":"https:\/\/pascabordean.ro\/?page_id=9#primaryimage"},"thumbnailUrl":"https:\/\/pascabordean.ro\/wp-content\/uploads\/2020\/04\/photo-2020-5.jpg","datePublished":"2018-09-18T09:02:45+00:00","dateModified":"2020-04-09T18:40:47+00:00","breadcrumb":{"@id":"https:\/\/pascabordean.ro\/?page_id=9#breadcrumb"},"inLanguage":"en-US","potentialAction":[{"@type":"ReadAction","target":["https:\/\/pascabordean.ro\/?page_id=9"]}]},{"@type":"ImageObject","inLanguage":"en-US","@id":"https:\/\/pascabordean.ro\/?page_id=9#primaryimage","url":"https:\/\/pascabordean.ro\/wp-content\/uploads\/2020\/04\/photo-2020-5.jpg","contentUrl":"https:\/\/pascabordean.ro\/wp-content\/uploads\/2020\/04\/photo-2020-5.jpg","width":1600,"height":777},{"@type":"BreadcrumbList","@id":"https:\/\/pascabordean.ro\/?page_id=9#breadcrumb","itemListElement":[{"@type":"ListItem","position":1,"name":"Home","item":"https:\/\/pascabordean.ro\/"},{"@type":"ListItem","position":2,"name":"About"}]},{"@type":"WebSite","@id":"https:\/\/pascabordean.ro\/#website","url":"https:\/\/pascabordean.ro\/","name":"pascabordean.ro","description":"birou de arhitectura","publisher":{"@id":"https:\/\/pascabordean.ro\/#organization"},"potentialAction":[{"@type":"SearchAction","target":{"@type":"EntryPoint","urlTemplate":"https:\/\/pascabordean.ro\/?s={search_term_string}"},"query-input":{"@type":"PropertyValueSpecification","valueRequired":true,"valueName":"search_term_string"}}],"inLanguage":"en-US"},{"@type":"Organization","@id":"https:\/\/pascabordean.ro\/#organization","name":"Arhitecti Pasca & Bordean","url":"https:\/\/pascabordean.ro\/","logo":{"@type":"ImageObject","inLanguage":"en-US","@id":"https:\/\/pascabordean.ro\/#\/schema\/logo\/image\/","url":"https:\/\/pascabordean.ro\/wp-content\/uploads\/2020\/04\/logo-crop.jpg","contentUrl":"https:\/\/pascabordean.ro\/wp-content\/uploads\/2020\/04\/logo-crop.jpg","width":377,"height":210,"caption":"Arhitecti Pasca & Bordean"},"image":{"@id":"https:\/\/pascabordean.ro\/#\/schema\/logo\/image\/"},"sameAs":["https:\/\/www.facebook.com\/profile.php?id=100080384133558","https:\/\/www.instagram.com\/arhitectipascabordean?igsh=MWh6M3hlOHp2eHdxbA=="]}]}},"jetpack_sharing_enabled":true,"_links":{"self":[{"href":"https:\/\/pascabordean.ro\/index.php?rest_route=\/wp\/v2\/pages\/9","targetHints":{"allow":["GET"]}}],"collection":[{"href":"https:\/\/pascabordean.ro\/index.php?rest_route=\/wp\/v2\/pages"}],"about":[{"href":"https:\/\/pascabordean.ro\/index.php?rest_route=\/wp\/v2\/types\/page"}],"author":[{"embeddable":true,"href":"https:\/\/pascabordean.ro\/index.php?rest_route=\/wp\/v2\/users\/1"}],"replies":[{"embeddable":true,"href":"https:\/\/pascabordean.ro\/index.php?rest_route=%2Fwp%2Fv2%2Fcomments&post=9"}],"version-history":[{"count":18,"href":"https:\/\/pascabordean.ro\/index.php?rest_route=\/wp\/v2\/pages\/9\/revisions"}],"predecessor-version":[{"id":545,"href":"https:\/\/pascabordean.ro\/index.php?rest_route=\/wp\/v2\/pages\/9\/revisions\/545"}],"wp:attachment":[{"href":"https:\/\/pascabordean.ro\/index.php?rest_route=%2Fwp%2Fv2%2Fmedia&parent=9"}],"curies":[{"name":"wp","href":"https:\/\/api.w.org\/{rel}","templated":true}]}}